{"id":918,"date":"2014-09-11T21:15:18","date_gmt":"2014-09-12T01:15:18","guid":{"rendered":"http:\/\/dev.apex-ny.org\/?page_id=918"},"modified":"2023-11-30T13:38:13","modified_gmt":"2023-11-30T18:38:13","slug":"michael-wang","status":"publish","type":"page","link":"https:\/\/apexforyouth.org\/es\/about-us-ori\/meet-our-people\/volunteers\/michael-wang\/","title":{"rendered":"Michael Wang, tutor de preparaci\u00f3n para 4\u00ba grado"},"content":{"rendered":"<p><a href=\"http:\/\/dev.apex-ny.org\/wp-content\/uploads\/2014\/09\/140208D_0036_lowres.jpg\"><img fetchpriority=\"high\" decoding=\"async\" class=\"alignnone size-medium wp-image-900\" src=\"http:\/\/dev.apex-ny.org\/wp-content\/uploads\/2014\/09\/140208D_0036_lowres-650x432.jpg\" alt=\"140208D_0036_lowres\" width=\"650\" height=\"432\" srcset=\"https:\/\/apexforyouth.org\/wp-content\/uploads\/2014\/09\/140208D_0036_lowres-650x432.jpg 650w, https:\/\/apexforyouth.org\/wp-content\/uploads\/2014\/09\/140208D_0036_lowres-1200x798.jpg 1200w, https:\/\/apexforyouth.org\/wp-content\/uploads\/2014\/09\/140208D_0036_lowres.jpg 1600w\" sizes=\"(max-width: 650px) 100vw, 650px\" \/><\/a><\/p>\n<p>Participaci\u00f3n en Apex: Tutora de 4\u00ba curso desde septiembre de 2010<br \/>\n<span style=\"line-height: 1.428571429;\">Ciudad natal: Basking Ridge, NJ<br \/>\n<\/span><span style=\"line-height: 1.428571429;\">Profesi\u00f3n: Estratega en una editorial musical<\/span><\/p>\n<p>1. \u00bfPor qu\u00e9 eres voluntario de Apex?<br \/>\nMis razones para ser voluntario en Apex son puramente ego\u00edstas. Ver a un estudiante comprender un concepto que le cuesta mucho gracias a ti es una experiencia incre\u00edblemente gratificante. Adem\u00e1s, ayudar a una comunidad desfavorecida me da perspectiva en una ciudad donde es f\u00e1cil olvidar lo que es importante. Adem\u00e1s, los ni\u00f1os dicen las cosas m\u00e1s atrevidas.<\/p>\n<p>2. \u00bfQui\u00e9n fue uno de los adultos m\u00e1s influyentes en tu vida durante tu infancia?<br \/>\nMi abuela nos cuidaba a mi hermano y a m\u00ed todos los d\u00edas despu\u00e9s del colegio porque nuestros padres trabajaban. Su lucha como inmigrante para ganarse la vida y crear oportunidades para su familia es una fuente constante de inspiraci\u00f3n y un recordatorio del valor del trabajo duro.<\/p>\n<p>3. \u00bfCu\u00e1l ha sido uno de sus recuerdos favoritos de Apex?<br \/>\nTodos y cada uno de los desayunos, almuerzos y cenas con mis compa\u00f1eros voluntarios, en los que compartimos las cosas m\u00e1s incre\u00edbles que dijeron nuestros hijos ese d\u00eda, qu\u00e9 m\u00e9todos de ense\u00f1anza fueron eficaces, con qu\u00e9 problemas tuvieron dificultades los estudiantes y, m\u00e1s a menudo de lo que me gustar\u00eda admitir, en qu\u00e9 pregunta de cuarto curso nos equivocamos.<\/p>\n<p>4. Lo m\u00e1s loco que he visto en Nueva York es...<br \/>\nVer a Joey Chestnut comerse 68 perritos calientes en 10 minutos durante el concurso de comer perritos calientes de Nathan's de 2009. \u00a1Lo siento, Kobayashi!<\/p>\n<p>5. Mi comida favorita es...<br \/>\nPastel Di Fara Regular por 1.<\/p>","protected":false},"excerpt":{"rendered":"<p>Apex Involvement: 4th grade tutor since September 2010 Hometown: Basking Ridge, NJ Profession: Strategist at Music Publishing Company 1. Why do you volunteer with Apex? My reasons for volunteering with Apex are purely selfish. Seeing a student grasp a concept they have been struggling with because of you is an incredibly gratifying experience. Moreover, helping [&hellip;]<\/p>\n","protected":false},"author":3,"featured_media":63,"parent":172,"menu_order":18,"comment_status":"closed","ping_status":"closed","template":"elementor_header_footer","meta":{"_acf_changed":false,"footnotes":""},"class_list":["post-918","page","type-page","status-publish","has-post-thumbnail","hentry"],"acf":[],"yoast_head":"<!-- This site is optimized with the Yoast SEO plugin v27.3 - https:\/\/yoast.com\/product\/yoast-seo-wordpress\/ -->\n<title>Michael Wang, 4th Grade Prep Tutor | Apex for Youth<\/title>\n<meta name=\"robots\" content=\"index, follow, max-snippet:-1, max-image-preview:large, max-video-preview:-1\" \/>\n<link rel=\"canonical\" href=\"https:\/\/apexforyouth.org\/es\/about-us\/conozca-a-nuestra-gente\/voluntarios\/michael-wang\/\" \/>\n<meta property=\"og:locale\" content=\"es_ES\" \/>\n<meta property=\"og:type\" content=\"article\" \/>\n<meta property=\"og:title\" content=\"Michael Wang, 4th Grade Prep Tutor | Apex for Youth\" \/>\n<meta property=\"og:description\" content=\"Apex Involvement: 4th grade tutor since September 2010 Hometown: Basking Ridge, NJ Profession: Strategist at Music Publishing Company 1. Why do you volunteer with Apex? My reasons for volunteering with Apex are purely selfish. Seeing a student grasp a concept they have been struggling with because of you is an incredibly gratifying experience. Moreover, helping [&hellip;]\" \/>\n<meta property=\"og:url\" content=\"https:\/\/apexforyouth.org\/es\/about-us\/conozca-a-nuestra-gente\/voluntarios\/michael-wang\/\" \/>\n<meta property=\"og:site_name\" content=\"Apex for Youth\" \/>\n<meta property=\"article:publisher\" content=\"https:\/\/www.facebook.com\/ApexForYouth\/\" \/>\n<meta property=\"article:modified_time\" content=\"2023-11-30T18:38:13+00:00\" \/>\n<meta property=\"og:image\" content=\"https:\/\/apexforyouth.org\/wp-content\/uploads\/2014\/07\/4.jpg\" \/>\n\t<meta property=\"og:image:width\" content=\"1000\" \/>\n\t<meta property=\"og:image:height\" content=\"500\" \/>\n\t<meta property=\"og:image:type\" content=\"image\/jpeg\" \/>\n<meta name=\"twitter:label1\" content=\"Est. reading time\" \/>\n\t<meta name=\"twitter:data1\" content=\"1 minuto\" \/>\n<script type=\"application\/ld+json\" class=\"yoast-schema-graph\">{\"@context\":\"https:\\\/\\\/schema.org\",\"@graph\":[{\"@type\":\"WebPage\",\"@id\":\"https:\\\/\\\/apexforyouth.org\\\/about-us\\\/meet-our-people\\\/volunteers\\\/michael-wang\\\/\",\"url\":\"https:\\\/\\\/apexforyouth.org\\\/about-us\\\/meet-our-people\\\/volunteers\\\/michael-wang\\\/\",\"name\":\"Michael Wang, 4th Grade Prep Tutor | Apex for Youth\",\"isPartOf\":{\"@id\":\"https:\\\/\\\/apexforyouth.org\\\/#website\"},\"primaryImageOfPage\":{\"@id\":\"https:\\\/\\\/apexforyouth.org\\\/about-us\\\/meet-our-people\\\/volunteers\\\/michael-wang\\\/#primaryimage\"},\"image\":{\"@id\":\"https:\\\/\\\/apexforyouth.org\\\/about-us\\\/meet-our-people\\\/volunteers\\\/michael-wang\\\/#primaryimage\"},\"thumbnailUrl\":\"https:\\\/\\\/apexforyouth.org\\\/wp-content\\\/uploads\\\/2014\\\/07\\\/4.jpg\",\"datePublished\":\"2014-09-12T01:15:18+00:00\",\"dateModified\":\"2023-11-30T18:38:13+00:00\",\"breadcrumb\":{\"@id\":\"https:\\\/\\\/apexforyouth.org\\\/about-us\\\/meet-our-people\\\/volunteers\\\/michael-wang\\\/#breadcrumb\"},\"inLanguage\":\"es\",\"potentialAction\":[{\"@type\":\"ReadAction\",\"target\":[\"https:\\\/\\\/apexforyouth.org\\\/about-us\\\/meet-our-people\\\/volunteers\\\/michael-wang\\\/\"]}]},{\"@type\":\"ImageObject\",\"inLanguage\":\"es\",\"@id\":\"https:\\\/\\\/apexforyouth.org\\\/about-us\\\/meet-our-people\\\/volunteers\\\/michael-wang\\\/#primaryimage\",\"url\":\"https:\\\/\\\/apexforyouth.org\\\/wp-content\\\/uploads\\\/2014\\\/07\\\/4.jpg\",\"contentUrl\":\"https:\\\/\\\/apexforyouth.org\\\/wp-content\\\/uploads\\\/2014\\\/07\\\/4.jpg\",\"width\":1000,\"height\":500},{\"@type\":\"BreadcrumbList\",\"@id\":\"https:\\\/\\\/apexforyouth.org\\\/about-us\\\/meet-our-people\\\/volunteers\\\/michael-wang\\\/#breadcrumb\",\"itemListElement\":[{\"@type\":\"ListItem\",\"position\":1,\"name\":\"Home\",\"item\":\"https:\\\/\\\/apexforyouth.org\\\/\"},{\"@type\":\"ListItem\",\"position\":2,\"name\":\"About Us\",\"item\":\"https:\\\/\\\/apexforyouth.org\\\/?page_id=11\"},{\"@type\":\"ListItem\",\"position\":3,\"name\":\"Meet Our People\",\"item\":\"https:\\\/\\\/apexforyouth.org\\\/?page_id=41\"},{\"@type\":\"ListItem\",\"position\":4,\"name\":\"Private: Featured Volunteers\",\"item\":\"https:\\\/\\\/apexforyouth.org\\\/?page_id=172\"},{\"@type\":\"ListItem\",\"position\":5,\"name\":\"Michael Wang, 4th Grade Prep Tutor\"}]},{\"@type\":\"WebSite\",\"@id\":\"https:\\\/\\\/apexforyouth.org\\\/#website\",\"url\":\"https:\\\/\\\/apexforyouth.org\\\/\",\"name\":\"Apex for Youth\",\"description\":\"Apex for Youth empowers underserved Asian and immigrant youth from low-income families in NYC to unlock their potential and a world of possibility.\",\"publisher\":{\"@id\":\"https:\\\/\\\/apexforyouth.org\\\/#organization\"},\"potentialAction\":[{\"@type\":\"SearchAction\",\"target\":{\"@type\":\"EntryPoint\",\"urlTemplate\":\"https:\\\/\\\/apexforyouth.org\\\/?s={search_term_string}\"},\"query-input\":{\"@type\":\"PropertyValueSpecification\",\"valueRequired\":true,\"valueName\":\"search_term_string\"}}],\"inLanguage\":\"es\"},{\"@type\":\"Organization\",\"@id\":\"https:\\\/\\\/apexforyouth.org\\\/#organization\",\"name\":\"Apex for Youth\",\"url\":\"https:\\\/\\\/apexforyouth.org\\\/\",\"logo\":{\"@type\":\"ImageObject\",\"inLanguage\":\"es\",\"@id\":\"https:\\\/\\\/apexforyouth.org\\\/#\\\/schema\\\/logo\\\/image\\\/\",\"url\":\"https:\\\/\\\/apexforyouth.org\\\/wp-content\\\/uploads\\\/2021\\\/11\\\/apex-logo.jpg\",\"contentUrl\":\"https:\\\/\\\/apexforyouth.org\\\/wp-content\\\/uploads\\\/2021\\\/11\\\/apex-logo.jpg\",\"width\":525,\"height\":250,\"caption\":\"Apex for Youth\"},\"image\":{\"@id\":\"https:\\\/\\\/apexforyouth.org\\\/#\\\/schema\\\/logo\\\/image\\\/\"},\"sameAs\":[\"https:\\\/\\\/www.facebook.com\\\/ApexForYouth\\\/\",\"https:\\\/\\\/www.instagram.com\\\/apexforyouth\\\/\"]}]}<\/script>\n<!-- \/ Yoast SEO plugin. -->","yoast_head_json":{"title":"Michael Wang, tutor de preparaci\u00f3n para 4\u00ba grado | Apex for Youth","robots":{"index":"index","follow":"follow","max-snippet":"max-snippet:-1","max-image-preview":"max-image-preview:large","max-video-preview":"max-video-preview:-1"},"canonical":"https:\/\/apexforyouth.org\/es\/about-us\/conozca-a-nuestra-gente\/voluntarios\/michael-wang\/","og_locale":"es_ES","og_type":"article","og_title":"Michael Wang, 4th Grade Prep Tutor | Apex for Youth","og_description":"Apex Involvement: 4th grade tutor since September 2010 Hometown: Basking Ridge, NJ Profession: Strategist at Music Publishing Company 1. Why do you volunteer with Apex? My reasons for volunteering with Apex are purely selfish. Seeing a student grasp a concept they have been struggling with because of you is an incredibly gratifying experience. Moreover, helping [&hellip;]","og_url":"https:\/\/apexforyouth.org\/es\/about-us\/conozca-a-nuestra-gente\/voluntarios\/michael-wang\/","og_site_name":"Apex for Youth","article_publisher":"https:\/\/www.facebook.com\/ApexForYouth\/","article_modified_time":"2023-11-30T18:38:13+00:00","og_image":[{"width":1000,"height":500,"url":"https:\/\/apexforyouth.org\/wp-content\/uploads\/2014\/07\/4.jpg","type":"image\/jpeg"}],"twitter_misc":{"Est. reading time":"1 minuto"},"schema":{"@context":"https:\/\/schema.org","@graph":[{"@type":"WebPage","@id":"https:\/\/apexforyouth.org\/about-us\/meet-our-people\/volunteers\/michael-wang\/","url":"https:\/\/apexforyouth.org\/about-us\/meet-our-people\/volunteers\/michael-wang\/","name":"Michael Wang, tutor de preparaci\u00f3n para 4\u00ba grado | Apex for Youth","isPartOf":{"@id":"https:\/\/apexforyouth.org\/#website"},"primaryImageOfPage":{"@id":"https:\/\/apexforyouth.org\/about-us\/meet-our-people\/volunteers\/michael-wang\/#primaryimage"},"image":{"@id":"https:\/\/apexforyouth.org\/about-us\/meet-our-people\/volunteers\/michael-wang\/#primaryimage"},"thumbnailUrl":"https:\/\/apexforyouth.org\/wp-content\/uploads\/2014\/07\/4.jpg","datePublished":"2014-09-12T01:15:18+00:00","dateModified":"2023-11-30T18:38:13+00:00","breadcrumb":{"@id":"https:\/\/apexforyouth.org\/about-us\/meet-our-people\/volunteers\/michael-wang\/#breadcrumb"},"inLanguage":"es","potentialAction":[{"@type":"ReadAction","target":["https:\/\/apexforyouth.org\/about-us\/meet-our-people\/volunteers\/michael-wang\/"]}]},{"@type":"ImageObject","inLanguage":"es","@id":"https:\/\/apexforyouth.org\/about-us\/meet-our-people\/volunteers\/michael-wang\/#primaryimage","url":"https:\/\/apexforyouth.org\/wp-content\/uploads\/2014\/07\/4.jpg","contentUrl":"https:\/\/apexforyouth.org\/wp-content\/uploads\/2014\/07\/4.jpg","width":1000,"height":500},{"@type":"BreadcrumbList","@id":"https:\/\/apexforyouth.org\/about-us\/meet-our-people\/volunteers\/michael-wang\/#breadcrumb","itemListElement":[{"@type":"ListItem","position":1,"name":"Home","item":"https:\/\/apexforyouth.org\/"},{"@type":"ListItem","position":2,"name":"About Us","item":"https:\/\/apexforyouth.org\/?page_id=11"},{"@type":"ListItem","position":3,"name":"Meet Our People","item":"https:\/\/apexforyouth.org\/?page_id=41"},{"@type":"ListItem","position":4,"name":"Private: Featured Volunteers","item":"https:\/\/apexforyouth.org\/?page_id=172"},{"@type":"ListItem","position":5,"name":"Michael Wang, 4th Grade Prep Tutor"}]},{"@type":"WebSite","@id":"https:\/\/apexforyouth.org\/#website","url":"https:\/\/apexforyouth.org\/","name":"Apex para la juventud","description":"Apex for Youth ayuda a los j\u00f3venes asi\u00e1ticos e inmigrantes desfavorecidos de familias con bajos ingresos de Nueva York a liberar su potencial y un mundo de posibilidades.","publisher":{"@id":"https:\/\/apexforyouth.org\/#organization"},"potentialAction":[{"@type":"SearchAction","target":{"@type":"EntryPoint","urlTemplate":"https:\/\/apexforyouth.org\/?s={search_term_string}"},"query-input":{"@type":"PropertyValueSpecification","valueRequired":true,"valueName":"search_term_string"}}],"inLanguage":"es"},{"@type":"Organization","@id":"https:\/\/apexforyouth.org\/#organization","name":"Apex para la juventud","url":"https:\/\/apexforyouth.org\/","logo":{"@type":"ImageObject","inLanguage":"es","@id":"https:\/\/apexforyouth.org\/#\/schema\/logo\/image\/","url":"https:\/\/apexforyouth.org\/wp-content\/uploads\/2021\/11\/apex-logo.jpg","contentUrl":"https:\/\/apexforyouth.org\/wp-content\/uploads\/2021\/11\/apex-logo.jpg","width":525,"height":250,"caption":"Apex for Youth"},"image":{"@id":"https:\/\/apexforyouth.org\/#\/schema\/logo\/image\/"},"sameAs":["https:\/\/www.facebook.com\/ApexForYouth\/","https:\/\/www.instagram.com\/apexforyouth\/"]}]}},"_links":{"self":[{"href":"https:\/\/apexforyouth.org\/es\/wp-json\/wp\/v2\/pages\/918","targetHints":{"allow":["GET"]}}],"collection":[{"href":"https:\/\/apexforyouth.org\/es\/wp-json\/wp\/v2\/pages"}],"about":[{"href":"https:\/\/apexforyouth.org\/es\/wp-json\/wp\/v2\/types\/page"}],"author":[{"embeddable":true,"href":"https:\/\/apexforyouth.org\/es\/wp-json\/wp\/v2\/users\/3"}],"replies":[{"embeddable":true,"href":"https:\/\/apexforyouth.org\/es\/wp-json\/wp\/v2\/comments?post=918"}],"version-history":[{"count":0,"href":"https:\/\/apexforyouth.org\/es\/wp-json\/wp\/v2\/pages\/918\/revisions"}],"up":[{"embeddable":true,"href":"https:\/\/apexforyouth.org\/es\/wp-json\/wp\/v2\/pages\/172"}],"wp:featuredmedia":[{"embeddable":true,"href":"https:\/\/apexforyouth.org\/es\/wp-json\/wp\/v2\/media\/63"}],"wp:attachment":[{"href":"https:\/\/apexforyouth.org\/es\/wp-json\/wp\/v2\/media?parent=918"}],"curies":[{"name":"wp","href":"https:\/\/api.w.org\/{rel}","templated":true}]}}